{"id":23,"date":"2026-05-12T11:19:06","date_gmt":"2026-05-12T11:19:06","guid":{"rendered":"https:\/\/baosinhtam.com\/?page_id=23"},"modified":"2026-05-13T07:42:16","modified_gmt":"2026-05-13T07:42:16","slug":"lien-he","status":"publish","type":"page","link":"https:\/\/baosinhtam.com\/?page_id=23","title":{"rendered":"Li\u00ean H\u1ec7"},"content":{"rendered":"\n\n\n<p><\/p>\n","protected":false},"excerpt":{"rendered":"","protected":false},"author":1,"featured_media":0,"parent":0,"menu_order":0,"comment_status":"closed","ping_status":"closed","template":"","meta":{"footnotes":""},"class_list":["post-23","page","type-page","status-publish","hentry"],"yoast_head":"<!-- This site is optimized with the Yoast SEO plugin v27.6 - https:\/\/yoast.com\/product\/yoast-seo-wordpress\/ -->\n<title>Li\u00ean H\u1ec7 B\u1ea3o Sinh T\u00e2m | \u0110\u1eb7t L\u1ecbch T\u01b0 V\u1ea5n &amp; Tr\u1ecb Li\u1ec7u D\u01b0\u1ee1ng Sinh<\/title>\n<meta name=\"description\" content=\"Li\u00ean h\u1ec7 B\u1ea3o Sinh T\u00e2m \u0111\u1ec3 \u0111\u0103ng k\u00fd tr\u1ecb li\u1ec7u d\u01b0\u1ee1ng sinh, tham gia kh\u00f3a h\u1ecdc ho\u1eb7c nh\u1eadn t\u01b0 v\u1ea5n ch\u0103m s\u00f3c s\u1ee9c kh\u1ecfe theo ph\u01b0\u01a1ng ph\u00e1p \u0110\u00f4ng y.\" \/>\n<meta name=\"robots\" content=\"index, follow, max-snippet:-1, max-image-preview:large, max-video-preview:-1\" \/>\n<link rel=\"canonical\" href=\"https:\/\/baosinhtam.com\/?page_id=23\" \/>\n<meta property=\"og:locale\" content=\"vi_VN\" \/>\n<meta property=\"og:type\" content=\"article\" \/>\n<meta property=\"og:title\" content=\"Li\u00ean H\u1ec7 B\u1ea3o Sinh T\u00e2m | \u0110\u1eb7t L\u1ecbch T\u01b0 V\u1ea5n &amp; Tr\u1ecb Li\u1ec7u D\u01b0\u1ee1ng Sinh\" \/>\n<meta property=\"og:description\" content=\"Li\u00ean h\u1ec7 B\u1ea3o Sinh T\u00e2m \u0111\u1ec3 \u0111\u0103ng k\u00fd tr\u1ecb li\u1ec7u d\u01b0\u1ee1ng sinh, tham gia kh\u00f3a h\u1ecdc ho\u1eb7c nh\u1eadn t\u01b0 v\u1ea5n ch\u0103m s\u00f3c s\u1ee9c kh\u1ecfe theo ph\u01b0\u01a1ng ph\u00e1p \u0110\u00f4ng y.\" \/>\n<meta property=\"og:url\" content=\"https:\/\/baosinhtam.com\/?page_id=23\" \/>\n<meta property=\"og:site_name\" content=\"B\u1ea3o Sinh T\u00e2m\" \/>\n<meta property=\"article:modified_time\" content=\"2026-05-13T07:42:16+00:00\" \/>\n<meta name=\"twitter:card\" content=\"summary_large_image\" \/>\n<script type=\"application\/ld+json\" class=\"yoast-schema-graph\">{\"@context\":\"https:\\\/\\\/schema.org\",\"@graph\":[{\"@type\":\"WebPage\",\"@id\":\"https:\\\/\\\/baosinhtam.com\\\/?page_id=23\",\"url\":\"https:\\\/\\\/baosinhtam.com\\\/?page_id=23\",\"name\":\"Li\u00ean H\u1ec7 B\u1ea3o Sinh T\u00e2m | \u0110\u1eb7t L\u1ecbch T\u01b0 V\u1ea5n & Tr\u1ecb Li\u1ec7u D\u01b0\u1ee1ng Sinh\",\"isPartOf\":{\"@id\":\"https:\\\/\\\/baosinhtam.com\\\/#website\"},\"datePublished\":\"2026-05-12T11:19:06+00:00\",\"dateModified\":\"2026-05-13T07:42:16+00:00\",\"description\":\"Li\u00ean h\u1ec7 B\u1ea3o Sinh T\u00e2m \u0111\u1ec3 \u0111\u0103ng k\u00fd tr\u1ecb li\u1ec7u d\u01b0\u1ee1ng sinh, tham gia kh\u00f3a h\u1ecdc ho\u1eb7c nh\u1eadn t\u01b0 v\u1ea5n ch\u0103m s\u00f3c s\u1ee9c kh\u1ecfe theo ph\u01b0\u01a1ng ph\u00e1p \u0110\u00f4ng y.\",\"breadcrumb\":{\"@id\":\"https:\\\/\\\/baosinhtam.com\\\/?page_id=23#breadcrumb\"},\"inLanguage\":\"vi\",\"potentialAction\":[{\"@type\":\"ReadAction\",\"target\":[\"https:\\\/\\\/baosinhtam.com\\\/?page_id=23\"]}]},{\"@type\":\"BreadcrumbList\",\"@id\":\"https:\\\/\\\/baosinhtam.com\\\/?page_id=23#breadcrumb\",\"itemListElement\":[{\"@type\":\"ListItem\",\"position\":1,\"name\":\"Trang ch\u1ee7\",\"item\":\"https:\\\/\\\/baosinhtam.com\\\/\"},{\"@type\":\"ListItem\",\"position\":2,\"name\":\"Li\u00ean H\u1ec7\"}]},{\"@type\":\"WebSite\",\"@id\":\"https:\\\/\\\/baosinhtam.com\\\/#website\",\"url\":\"https:\\\/\\\/baosinhtam.com\\\/\",\"name\":\"B\u1ea3o Sinh T\u00e2m\",\"description\":\"\",\"potentialAction\":[{\"@type\":\"SearchAction\",\"target\":{\"@type\":\"EntryPoint\",\"urlTemplate\":\"https:\\\/\\\/baosinhtam.com\\\/?s={search_term_string}\"},\"query-input\":{\"@type\":\"PropertyValueSpecification\",\"valueRequired\":true,\"valueName\":\"search_term_string\"}}],\"inLanguage\":\"vi\"}]}<\/script>\n<!-- \/ Yoast SEO plugin. -->","yoast_head_json":{"title":"Li\u00ean H\u1ec7 B\u1ea3o Sinh T\u00e2m | \u0110\u1eb7t L\u1ecbch T\u01b0 V\u1ea5n & Tr\u1ecb Li\u1ec7u D\u01b0\u1ee1ng Sinh","description":"Li\u00ean h\u1ec7 B\u1ea3o Sinh T\u00e2m \u0111\u1ec3 \u0111\u0103ng k\u00fd tr\u1ecb li\u1ec7u d\u01b0\u1ee1ng sinh, tham gia kh\u00f3a h\u1ecdc ho\u1eb7c nh\u1eadn t\u01b0 v\u1ea5n ch\u0103m s\u00f3c s\u1ee9c kh\u1ecfe theo ph\u01b0\u01a1ng ph\u00e1p \u0110\u00f4ng y.","robots":{"index":"index","follow":"follow","max-snippet":"max-snippet:-1","max-image-preview":"max-image-preview:large","max-video-preview":"max-video-preview:-1"},"canonical":"https:\/\/baosinhtam.com\/?page_id=23","og_locale":"vi_VN","og_type":"article","og_title":"Li\u00ean H\u1ec7 B\u1ea3o Sinh T\u00e2m | \u0110\u1eb7t L\u1ecbch T\u01b0 V\u1ea5n & Tr\u1ecb Li\u1ec7u D\u01b0\u1ee1ng Sinh","og_description":"Li\u00ean h\u1ec7 B\u1ea3o Sinh T\u00e2m \u0111\u1ec3 \u0111\u0103ng k\u00fd tr\u1ecb li\u1ec7u d\u01b0\u1ee1ng sinh, tham gia kh\u00f3a h\u1ecdc ho\u1eb7c nh\u1eadn t\u01b0 v\u1ea5n ch\u0103m s\u00f3c s\u1ee9c kh\u1ecfe theo ph\u01b0\u01a1ng ph\u00e1p \u0110\u00f4ng y.","og_url":"https:\/\/baosinhtam.com\/?page_id=23","og_site_name":"B\u1ea3o Sinh T\u00e2m","article_modified_time":"2026-05-13T07:42:16+00:00","twitter_card":"summary_large_image","schema":{"@context":"https:\/\/schema.org","@graph":[{"@type":"WebPage","@id":"https:\/\/baosinhtam.com\/?page_id=23","url":"https:\/\/baosinhtam.com\/?page_id=23","name":"Li\u00ean H\u1ec7 B\u1ea3o Sinh T\u00e2m | \u0110\u1eb7t L\u1ecbch T\u01b0 V\u1ea5n & Tr\u1ecb Li\u1ec7u D\u01b0\u1ee1ng Sinh","isPartOf":{"@id":"https:\/\/baosinhtam.com\/#website"},"datePublished":"2026-05-12T11:19:06+00:00","dateModified":"2026-05-13T07:42:16+00:00","description":"Li\u00ean h\u1ec7 B\u1ea3o Sinh T\u00e2m \u0111\u1ec3 \u0111\u0103ng k\u00fd tr\u1ecb li\u1ec7u d\u01b0\u1ee1ng sinh, tham gia kh\u00f3a h\u1ecdc ho\u1eb7c nh\u1eadn t\u01b0 v\u1ea5n ch\u0103m s\u00f3c s\u1ee9c kh\u1ecfe theo ph\u01b0\u01a1ng ph\u00e1p \u0110\u00f4ng y.","breadcrumb":{"@id":"https:\/\/baosinhtam.com\/?page_id=23#breadcrumb"},"inLanguage":"vi","potentialAction":[{"@type":"ReadAction","target":["https:\/\/baosinhtam.com\/?page_id=23"]}]},{"@type":"BreadcrumbList","@id":"https:\/\/baosinhtam.com\/?page_id=23#breadcrumb","itemListElement":[{"@type":"ListItem","position":1,"name":"Trang ch\u1ee7","item":"https:\/\/baosinhtam.com\/"},{"@type":"ListItem","position":2,"name":"Li\u00ean H\u1ec7"}]},{"@type":"WebSite","@id":"https:\/\/baosinhtam.com\/#website","url":"https:\/\/baosinhtam.com\/","name":"B\u1ea3o Sinh T\u00e2m","description":"","potentialAction":[{"@type":"SearchAction","target":{"@type":"EntryPoint","urlTemplate":"https:\/\/baosinhtam.com\/?s={search_term_string}"},"query-input":{"@type":"PropertyValueSpecification","valueRequired":true,"valueName":"search_term_string"}}],"inLanguage":"vi"}]}},"_links":{"self":[{"href":"https:\/\/baosinhtam.com\/index.php?rest_route=\/wp\/v2\/pages\/23","targetHints":{"allow":["GET"]}}],"collection":[{"href":"https:\/\/baosinhtam.com\/index.php?rest_route=\/wp\/v2\/pages"}],"about":[{"href":"https:\/\/baosinhtam.com\/index.php?rest_route=\/wp\/v2\/types\/page"}],"author":[{"embeddable":true,"href":"https:\/\/baosinhtam.com\/index.php?rest_route=\/wp\/v2\/users\/1"}],"replies":[{"embeddable":true,"href":"https:\/\/baosinhtam.com\/index.php?rest_route=%2Fwp%2Fv2%2Fcomments&post=23"}],"version-history":[{"count":1,"href":"https:\/\/baosinhtam.com\/index.php?rest_route=\/wp\/v2\/pages\/23\/revisions"}],"predecessor-version":[{"id":24,"href":"https:\/\/baosinhtam.com\/index.php?rest_route=\/wp\/v2\/pages\/23\/revisions\/24"}],"wp:attachment":[{"href":"https:\/\/baosinhtam.com\/index.php?rest_route=%2Fwp%2Fv2%2Fmedia&parent=23"}],"curies":[{"name":"wp","href":"https:\/\/api.w.org\/{rel}","templated":true}]}}