{"id":19,"date":"2026-05-12T11:14:36","date_gmt":"2026-05-12T11:14:36","guid":{"rendered":"https:\/\/baosinhtam.com\/?page_id=19"},"modified":"2026-05-13T07:41:24","modified_gmt":"2026-05-13T07:41:24","slug":"hoc-vien-duong-sinh","status":"publish","type":"page","link":"https:\/\/baosinhtam.com\/?page_id=19","title":{"rendered":"H\u1ecdc Vi\u1ec7n D\u01b0\u1ee1ng Sinh"},"content":{"rendered":"","protected":false},"excerpt":{"rendered":"","protected":false},"author":1,"featured_media":0,"parent":0,"menu_order":0,"comment_status":"closed","ping_status":"closed","template":"","meta":{"footnotes":""},"class_list":["post-19","page","type-page","status-publish","hentry"],"yoast_head":"<!-- This site is optimized with the Yoast SEO plugin v27.6 - https:\/\/yoast.com\/product\/yoast-seo-wordpress\/ -->\n<title>H\u1ecdc Vi\u1ec7n D\u01b0\u1ee1ng Sinh | Kh\u00f3a H\u1ecdc \u0110\u00f4ng Y &amp; Tr\u1ecb Li\u1ec7u B\u1ea3o Sinh T\u00e2m<\/title>\n<meta name=\"description\" content=\"H\u1ecdc vi\u1ec7n d\u01b0\u1ee1ng sinh B\u1ea3o Sinh T\u00e2m \u0111\u00e0o t\u1ea1o c\u00e1c kh\u00f3a h\u1ecdc d\u01b0\u1ee1ng sinh, tr\u1ecb li\u1ec7u v\u00e0 ch\u0103m s\u00f3c s\u1ee9c kh\u1ecfe t\u1ef1 nhi\u00ean d\u00e0nh cho ng\u01b0\u1eddi m\u1edbi v\u00e0 chuy\u00ean s\u00e2u.\" \/>\n<meta name=\"robots\" content=\"index, follow, max-snippet:-1, max-image-preview:large, max-video-preview:-1\" \/>\n<link rel=\"canonical\" href=\"https:\/\/baosinhtam.com\/?page_id=19\" \/>\n<meta property=\"og:locale\" content=\"vi_VN\" \/>\n<meta property=\"og:type\" content=\"article\" \/>\n<meta property=\"og:title\" content=\"H\u1ecdc Vi\u1ec7n D\u01b0\u1ee1ng Sinh | Kh\u00f3a H\u1ecdc \u0110\u00f4ng Y &amp; Tr\u1ecb Li\u1ec7u B\u1ea3o Sinh T\u00e2m\" \/>\n<meta property=\"og:description\" content=\"H\u1ecdc vi\u1ec7n d\u01b0\u1ee1ng sinh B\u1ea3o Sinh T\u00e2m \u0111\u00e0o t\u1ea1o c\u00e1c kh\u00f3a h\u1ecdc d\u01b0\u1ee1ng sinh, tr\u1ecb li\u1ec7u v\u00e0 ch\u0103m s\u00f3c s\u1ee9c kh\u1ecfe t\u1ef1 nhi\u00ean d\u00e0nh cho ng\u01b0\u1eddi m\u1edbi v\u00e0 chuy\u00ean s\u00e2u.\" \/>\n<meta property=\"og:url\" content=\"https:\/\/baosinhtam.com\/?page_id=19\" \/>\n<meta property=\"og:site_name\" content=\"B\u1ea3o Sinh T\u00e2m\" \/>\n<meta property=\"article:modified_time\" content=\"2026-05-13T07:41:24+00:00\" \/>\n<meta name=\"twitter:card\" content=\"summary_large_image\" \/>\n<script type=\"application\/ld+json\" class=\"yoast-schema-graph\">{\"@context\":\"https:\\\/\\\/schema.org\",\"@graph\":[{\"@type\":\"WebPage\",\"@id\":\"https:\\\/\\\/baosinhtam.com\\\/?page_id=19\",\"url\":\"https:\\\/\\\/baosinhtam.com\\\/?page_id=19\",\"name\":\"H\u1ecdc Vi\u1ec7n D\u01b0\u1ee1ng Sinh | Kh\u00f3a H\u1ecdc \u0110\u00f4ng Y & Tr\u1ecb Li\u1ec7u B\u1ea3o Sinh T\u00e2m\",\"isPartOf\":{\"@id\":\"https:\\\/\\\/baosinhtam.com\\\/#website\"},\"datePublished\":\"2026-05-12T11:14:36+00:00\",\"dateModified\":\"2026-05-13T07:41:24+00:00\",\"description\":\"H\u1ecdc vi\u1ec7n d\u01b0\u1ee1ng sinh B\u1ea3o Sinh T\u00e2m \u0111\u00e0o t\u1ea1o c\u00e1c kh\u00f3a h\u1ecdc d\u01b0\u1ee1ng sinh, tr\u1ecb li\u1ec7u v\u00e0 ch\u0103m s\u00f3c s\u1ee9c kh\u1ecfe t\u1ef1 nhi\u00ean d\u00e0nh cho ng\u01b0\u1eddi m\u1edbi v\u00e0 chuy\u00ean s\u00e2u.\",\"breadcrumb\":{\"@id\":\"https:\\\/\\\/baosinhtam.com\\\/?page_id=19#breadcrumb\"},\"inLanguage\":\"vi\",\"potentialAction\":[{\"@type\":\"ReadAction\",\"target\":[\"https:\\\/\\\/baosinhtam.com\\\/?page_id=19\"]}]},{\"@type\":\"BreadcrumbList\",\"@id\":\"https:\\\/\\\/baosinhtam.com\\\/?page_id=19#breadcrumb\",\"itemListElement\":[{\"@type\":\"ListItem\",\"position\":1,\"name\":\"Trang ch\u1ee7\",\"item\":\"https:\\\/\\\/baosinhtam.com\\\/\"},{\"@type\":\"ListItem\",\"position\":2,\"name\":\"H\u1ecdc Vi\u1ec7n D\u01b0\u1ee1ng Sinh\"}]},{\"@type\":\"WebSite\",\"@id\":\"https:\\\/\\\/baosinhtam.com\\\/#website\",\"url\":\"https:\\\/\\\/baosinhtam.com\\\/\",\"name\":\"B\u1ea3o Sinh T\u00e2m\",\"description\":\"\",\"potentialAction\":[{\"@type\":\"SearchAction\",\"target\":{\"@type\":\"EntryPoint\",\"urlTemplate\":\"https:\\\/\\\/baosinhtam.com\\\/?s={search_term_string}\"},\"query-input\":{\"@type\":\"PropertyValueSpecification\",\"valueRequired\":true,\"valueName\":\"search_term_string\"}}],\"inLanguage\":\"vi\"}]}<\/script>\n<!-- \/ Yoast SEO plugin. -->","yoast_head_json":{"title":"H\u1ecdc Vi\u1ec7n D\u01b0\u1ee1ng Sinh | Kh\u00f3a H\u1ecdc \u0110\u00f4ng Y & Tr\u1ecb Li\u1ec7u B\u1ea3o Sinh T\u00e2m","description":"H\u1ecdc vi\u1ec7n d\u01b0\u1ee1ng sinh B\u1ea3o Sinh T\u00e2m \u0111\u00e0o t\u1ea1o c\u00e1c kh\u00f3a h\u1ecdc d\u01b0\u1ee1ng sinh, tr\u1ecb li\u1ec7u v\u00e0 ch\u0103m s\u00f3c s\u1ee9c kh\u1ecfe t\u1ef1 nhi\u00ean d\u00e0nh cho ng\u01b0\u1eddi m\u1edbi v\u00e0 chuy\u00ean s\u00e2u.","robots":{"index":"index","follow":"follow","max-snippet":"max-snippet:-1","max-image-preview":"max-image-preview:large","max-video-preview":"max-video-preview:-1"},"canonical":"https:\/\/baosinhtam.com\/?page_id=19","og_locale":"vi_VN","og_type":"article","og_title":"H\u1ecdc Vi\u1ec7n D\u01b0\u1ee1ng Sinh | Kh\u00f3a H\u1ecdc \u0110\u00f4ng Y & Tr\u1ecb Li\u1ec7u B\u1ea3o Sinh T\u00e2m","og_description":"H\u1ecdc vi\u1ec7n d\u01b0\u1ee1ng sinh B\u1ea3o Sinh T\u00e2m \u0111\u00e0o t\u1ea1o c\u00e1c kh\u00f3a h\u1ecdc d\u01b0\u1ee1ng sinh, tr\u1ecb li\u1ec7u v\u00e0 ch\u0103m s\u00f3c s\u1ee9c kh\u1ecfe t\u1ef1 nhi\u00ean d\u00e0nh cho ng\u01b0\u1eddi m\u1edbi v\u00e0 chuy\u00ean s\u00e2u.","og_url":"https:\/\/baosinhtam.com\/?page_id=19","og_site_name":"B\u1ea3o Sinh T\u00e2m","article_modified_time":"2026-05-13T07:41:24+00:00","twitter_card":"summary_large_image","schema":{"@context":"https:\/\/schema.org","@graph":[{"@type":"WebPage","@id":"https:\/\/baosinhtam.com\/?page_id=19","url":"https:\/\/baosinhtam.com\/?page_id=19","name":"H\u1ecdc Vi\u1ec7n D\u01b0\u1ee1ng Sinh | Kh\u00f3a H\u1ecdc \u0110\u00f4ng Y & Tr\u1ecb Li\u1ec7u B\u1ea3o Sinh T\u00e2m","isPartOf":{"@id":"https:\/\/baosinhtam.com\/#website"},"datePublished":"2026-05-12T11:14:36+00:00","dateModified":"2026-05-13T07:41:24+00:00","description":"H\u1ecdc vi\u1ec7n d\u01b0\u1ee1ng sinh B\u1ea3o Sinh T\u00e2m \u0111\u00e0o t\u1ea1o c\u00e1c kh\u00f3a h\u1ecdc d\u01b0\u1ee1ng sinh, tr\u1ecb li\u1ec7u v\u00e0 ch\u0103m s\u00f3c s\u1ee9c kh\u1ecfe t\u1ef1 nhi\u00ean d\u00e0nh cho ng\u01b0\u1eddi m\u1edbi v\u00e0 chuy\u00ean s\u00e2u.","breadcrumb":{"@id":"https:\/\/baosinhtam.com\/?page_id=19#breadcrumb"},"inLanguage":"vi","potentialAction":[{"@type":"ReadAction","target":["https:\/\/baosinhtam.com\/?page_id=19"]}]},{"@type":"BreadcrumbList","@id":"https:\/\/baosinhtam.com\/?page_id=19#breadcrumb","itemListElement":[{"@type":"ListItem","position":1,"name":"Trang ch\u1ee7","item":"https:\/\/baosinhtam.com\/"},{"@type":"ListItem","position":2,"name":"H\u1ecdc Vi\u1ec7n D\u01b0\u1ee1ng Sinh"}]},{"@type":"WebSite","@id":"https:\/\/baosinhtam.com\/#website","url":"https:\/\/baosinhtam.com\/","name":"B\u1ea3o Sinh T\u00e2m","description":"","potentialAction":[{"@type":"SearchAction","target":{"@type":"EntryPoint","urlTemplate":"https:\/\/baosinhtam.com\/?s={search_term_string}"},"query-input":{"@type":"PropertyValueSpecification","valueRequired":true,"valueName":"search_term_string"}}],"inLanguage":"vi"}]}},"_links":{"self":[{"href":"https:\/\/baosinhtam.com\/index.php?rest_route=\/wp\/v2\/pages\/19","targetHints":{"allow":["GET"]}}],"collection":[{"href":"https:\/\/baosinhtam.com\/index.php?rest_route=\/wp\/v2\/pages"}],"about":[{"href":"https:\/\/baosinhtam.com\/index.php?rest_route=\/wp\/v2\/types\/page"}],"author":[{"embeddable":true,"href":"https:\/\/baosinhtam.com\/index.php?rest_route=\/wp\/v2\/users\/1"}],"replies":[{"embeddable":true,"href":"https:\/\/baosinhtam.com\/index.php?rest_route=%2Fwp%2Fv2%2Fcomments&post=19"}],"version-history":[{"count":2,"href":"https:\/\/baosinhtam.com\/index.php?rest_route=\/wp\/v2\/pages\/19\/revisions"}],"predecessor-version":[{"id":26,"href":"https:\/\/baosinhtam.com\/index.php?rest_route=\/wp\/v2\/pages\/19\/revisions\/26"}],"wp:attachment":[{"href":"https:\/\/baosinhtam.com\/index.php?rest_route=%2Fwp%2Fv2%2Fmedia&parent=19"}],"curies":[{"name":"wp","href":"https:\/\/api.w.org\/{rel}","templated":true}]}}