{"id":15,"date":"2026-05-12T11:13:12","date_gmt":"2026-05-12T11:13:12","guid":{"rendered":"https:\/\/baosinhtam.com\/?page_id=15"},"modified":"2026-05-13T07:37:02","modified_gmt":"2026-05-13T07:37:02","slug":"trang-chu","status":"publish","type":"page","link":"https:\/\/baosinhtam.com\/","title":{"rendered":"Trang Ch\u1ee7"},"content":{"rendered":"\n\n\n<p><\/p>\n","protected":false},"excerpt":{"rendered":"","protected":false},"author":1,"featured_media":0,"parent":0,"menu_order":0,"comment_status":"closed","ping_status":"closed","template":"","meta":{"footnotes":""},"class_list":["post-15","page","type-page","status-publish","hentry"],"yoast_head":"<!-- This site is optimized with the Yoast SEO plugin v27.6 - https:\/\/yoast.com\/product\/yoast-seo-wordpress\/ -->\n<title>B\u1ea3o Sinh T\u00e2m | D\u01b0\u1ee1ng Sinh \u0110\u00f4ng Y &amp; Tr\u1ecb Li\u1ec7u Ch\u1eefa L\u00e0nh<\/title>\n<meta name=\"description\" content=\"B\u1ea3o Sinh T\u00e2m chuy\u00ean d\u01b0\u1ee1ng sinh \u0110\u00f4ng y, tr\u1ecb li\u1ec7u t\u1ef1 nhi\u00ean v\u00e0 \u0111\u00e0o t\u1ea1o d\u01b0\u1ee1ng sinh gi\u00fap ch\u0103m s\u00f3c s\u1ee9c kh\u1ecfe th\u00e2n t\u00e2m theo ph\u01b0\u01a1ng ph\u00e1p truy\u1ec1n th\u1ed1ng.\" \/>\n<meta name=\"robots\" content=\"index, follow, max-snippet:-1, max-image-preview:large, max-video-preview:-1\" \/>\n<link rel=\"canonical\" href=\"https:\/\/baosinhtam.com\/\" \/>\n<meta property=\"og:locale\" content=\"vi_VN\" \/>\n<meta property=\"og:type\" content=\"article\" \/>\n<meta property=\"og:title\" content=\"B\u1ea3o Sinh T\u00e2m | D\u01b0\u1ee1ng Sinh \u0110\u00f4ng Y &amp; Tr\u1ecb Li\u1ec7u Ch\u1eefa L\u00e0nh\" \/>\n<meta property=\"og:description\" content=\"B\u1ea3o Sinh T\u00e2m chuy\u00ean d\u01b0\u1ee1ng sinh \u0110\u00f4ng y, tr\u1ecb li\u1ec7u t\u1ef1 nhi\u00ean v\u00e0 \u0111\u00e0o t\u1ea1o d\u01b0\u1ee1ng sinh gi\u00fap ch\u0103m s\u00f3c s\u1ee9c kh\u1ecfe th\u00e2n t\u00e2m theo ph\u01b0\u01a1ng ph\u00e1p truy\u1ec1n th\u1ed1ng.\" \/>\n<meta property=\"og:url\" content=\"https:\/\/baosinhtam.com\/\" \/>\n<meta property=\"og:site_name\" content=\"B\u1ea3o Sinh T\u00e2m\" \/>\n<meta property=\"article:modified_time\" content=\"2026-05-13T07:37:02+00:00\" \/>\n<meta name=\"twitter:card\" content=\"summary_large_image\" \/>\n<script type=\"application\/ld+json\" class=\"yoast-schema-graph\">{\"@context\":\"https:\\\/\\\/schema.org\",\"@graph\":[{\"@type\":\"WebPage\",\"@id\":\"https:\\\/\\\/baosinhtam.com\\\/\",\"url\":\"https:\\\/\\\/baosinhtam.com\\\/\",\"name\":\"B\u1ea3o Sinh T\u00e2m | D\u01b0\u1ee1ng Sinh \u0110\u00f4ng Y & Tr\u1ecb Li\u1ec7u Ch\u1eefa L\u00e0nh\",\"isPartOf\":{\"@id\":\"https:\\\/\\\/baosinhtam.com\\\/#website\"},\"datePublished\":\"2026-05-12T11:13:12+00:00\",\"dateModified\":\"2026-05-13T07:37:02+00:00\",\"description\":\"B\u1ea3o Sinh T\u00e2m chuy\u00ean d\u01b0\u1ee1ng sinh \u0110\u00f4ng y, tr\u1ecb li\u1ec7u t\u1ef1 nhi\u00ean v\u00e0 \u0111\u00e0o t\u1ea1o d\u01b0\u1ee1ng sinh gi\u00fap ch\u0103m s\u00f3c s\u1ee9c kh\u1ecfe th\u00e2n t\u00e2m theo ph\u01b0\u01a1ng ph\u00e1p truy\u1ec1n th\u1ed1ng.\",\"breadcrumb\":{\"@id\":\"https:\\\/\\\/baosinhtam.com\\\/#breadcrumb\"},\"inLanguage\":\"vi\",\"potentialAction\":[{\"@type\":\"ReadAction\",\"target\":[\"https:\\\/\\\/baosinhtam.com\\\/\"]}]},{\"@type\":\"BreadcrumbList\",\"@id\":\"https:\\\/\\\/baosinhtam.com\\\/#breadcrumb\",\"itemListElement\":[{\"@type\":\"ListItem\",\"position\":1,\"name\":\"Trang ch\u1ee7\",\"item\":\"https:\\\/\\\/baosinhtam.com\\\/\"},{\"@type\":\"ListItem\",\"position\":2,\"name\":\"Trang Ch\u1ee7\"}]},{\"@type\":\"WebSite\",\"@id\":\"https:\\\/\\\/baosinhtam.com\\\/#website\",\"url\":\"https:\\\/\\\/baosinhtam.com\\\/\",\"name\":\"B\u1ea3o Sinh T\u00e2m\",\"description\":\"\",\"potentialAction\":[{\"@type\":\"SearchAction\",\"target\":{\"@type\":\"EntryPoint\",\"urlTemplate\":\"https:\\\/\\\/baosinhtam.com\\\/?s={search_term_string}\"},\"query-input\":{\"@type\":\"PropertyValueSpecification\",\"valueRequired\":true,\"valueName\":\"search_term_string\"}}],\"inLanguage\":\"vi\"}]}<\/script>\n<!-- \/ Yoast SEO plugin. -->","yoast_head_json":{"title":"B\u1ea3o Sinh T\u00e2m | D\u01b0\u1ee1ng Sinh \u0110\u00f4ng Y & Tr\u1ecb Li\u1ec7u Ch\u1eefa L\u00e0nh","description":"B\u1ea3o Sinh T\u00e2m chuy\u00ean d\u01b0\u1ee1ng sinh \u0110\u00f4ng y, tr\u1ecb li\u1ec7u t\u1ef1 nhi\u00ean v\u00e0 \u0111\u00e0o t\u1ea1o d\u01b0\u1ee1ng sinh gi\u00fap ch\u0103m s\u00f3c s\u1ee9c kh\u1ecfe th\u00e2n t\u00e2m theo ph\u01b0\u01a1ng ph\u00e1p truy\u1ec1n th\u1ed1ng.","robots":{"index":"index","follow":"follow","max-snippet":"max-snippet:-1","max-image-preview":"max-image-preview:large","max-video-preview":"max-video-preview:-1"},"canonical":"https:\/\/baosinhtam.com\/","og_locale":"vi_VN","og_type":"article","og_title":"B\u1ea3o Sinh T\u00e2m | D\u01b0\u1ee1ng Sinh \u0110\u00f4ng Y & Tr\u1ecb Li\u1ec7u Ch\u1eefa L\u00e0nh","og_description":"B\u1ea3o Sinh T\u00e2m chuy\u00ean d\u01b0\u1ee1ng sinh \u0110\u00f4ng y, tr\u1ecb li\u1ec7u t\u1ef1 nhi\u00ean v\u00e0 \u0111\u00e0o t\u1ea1o d\u01b0\u1ee1ng sinh gi\u00fap ch\u0103m s\u00f3c s\u1ee9c kh\u1ecfe th\u00e2n t\u00e2m theo ph\u01b0\u01a1ng ph\u00e1p truy\u1ec1n th\u1ed1ng.","og_url":"https:\/\/baosinhtam.com\/","og_site_name":"B\u1ea3o Sinh T\u00e2m","article_modified_time":"2026-05-13T07:37:02+00:00","twitter_card":"summary_large_image","schema":{"@context":"https:\/\/schema.org","@graph":[{"@type":"WebPage","@id":"https:\/\/baosinhtam.com\/","url":"https:\/\/baosinhtam.com\/","name":"B\u1ea3o Sinh T\u00e2m | D\u01b0\u1ee1ng Sinh \u0110\u00f4ng Y & Tr\u1ecb Li\u1ec7u Ch\u1eefa L\u00e0nh","isPartOf":{"@id":"https:\/\/baosinhtam.com\/#website"},"datePublished":"2026-05-12T11:13:12+00:00","dateModified":"2026-05-13T07:37:02+00:00","description":"B\u1ea3o Sinh T\u00e2m chuy\u00ean d\u01b0\u1ee1ng sinh \u0110\u00f4ng y, tr\u1ecb li\u1ec7u t\u1ef1 nhi\u00ean v\u00e0 \u0111\u00e0o t\u1ea1o d\u01b0\u1ee1ng sinh gi\u00fap ch\u0103m s\u00f3c s\u1ee9c kh\u1ecfe th\u00e2n t\u00e2m theo ph\u01b0\u01a1ng ph\u00e1p truy\u1ec1n th\u1ed1ng.","breadcrumb":{"@id":"https:\/\/baosinhtam.com\/#breadcrumb"},"inLanguage":"vi","potentialAction":[{"@type":"ReadAction","target":["https:\/\/baosinhtam.com\/"]}]},{"@type":"BreadcrumbList","@id":"https:\/\/baosinhtam.com\/#breadcrumb","itemListElement":[{"@type":"ListItem","position":1,"name":"Trang ch\u1ee7","item":"https:\/\/baosinhtam.com\/"},{"@type":"ListItem","position":2,"name":"Trang Ch\u1ee7"}]},{"@type":"WebSite","@id":"https:\/\/baosinhtam.com\/#website","url":"https:\/\/baosinhtam.com\/","name":"B\u1ea3o Sinh T\u00e2m","description":"","potentialAction":[{"@type":"SearchAction","target":{"@type":"EntryPoint","urlTemplate":"https:\/\/baosinhtam.com\/?s={search_term_string}"},"query-input":{"@type":"PropertyValueSpecification","valueRequired":true,"valueName":"search_term_string"}}],"inLanguage":"vi"}]}},"_links":{"self":[{"href":"https:\/\/baosinhtam.com\/index.php?rest_route=\/wp\/v2\/pages\/15","targetHints":{"allow":["GET"]}}],"collection":[{"href":"https:\/\/baosinhtam.com\/index.php?rest_route=\/wp\/v2\/pages"}],"about":[{"href":"https:\/\/baosinhtam.com\/index.php?rest_route=\/wp\/v2\/types\/page"}],"author":[{"embeddable":true,"href":"https:\/\/baosinhtam.com\/index.php?rest_route=\/wp\/v2\/users\/1"}],"replies":[{"embeddable":true,"href":"https:\/\/baosinhtam.com\/index.php?rest_route=%2Fwp%2Fv2%2Fcomments&post=15"}],"version-history":[{"count":1,"href":"https:\/\/baosinhtam.com\/index.php?rest_route=\/wp\/v2\/pages\/15\/revisions"}],"predecessor-version":[{"id":16,"href":"https:\/\/baosinhtam.com\/index.php?rest_route=\/wp\/v2\/pages\/15\/revisions\/16"}],"wp:attachment":[{"href":"https:\/\/baosinhtam.com\/index.php?rest_route=%2Fwp%2Fv2%2Fmedia&parent=15"}],"curies":[{"name":"wp","href":"https:\/\/api.w.org\/{rel}","templated":true}]}}